{"id":7,"date":"2018-04-11T14:27:40","date_gmt":"2018-04-11T11:27:40","guid":{"rendered":"http:\/\/bridge71.qodeinteractive.com\/?page_id=7"},"modified":"2025-08-31T20:48:41","modified_gmt":"2025-08-31T17:48:41","slug":"home","status":"publish","type":"page","link":"https:\/\/minigolfer.fi\/et\/","title":{"rendered":"Avaleht"},"content":{"rendered":"<div class=\"wpb-content-wrapper\"><p>[vc_row css_animation=&#8221;&#8221; row_type=&#8221;row&#8221; use_row_as_full_screen_section=&#8221;no&#8221; type=&#8221;full_width&#8221; angled_section=&#8221;no&#8221; text_align=&#8221;left&#8221; background_image_as_pattern=&#8221;without_pattern&#8221;][vc_column][vc_single_image image=&#8221;1796&#8243; img_size=&#8221;full&#8221; alignment=&#8221;center&#8221; qode_css_animation=&#8221;&#8221;][\/vc_column][\/vc_row][vc_row css_animation=&#8221;&#8221; row_type=&#8221;row&#8221; use_row_as_full_screen_section=&#8221;no&#8221; type=&#8221;grid&#8221; angled_section=&#8221;no&#8221; text_align=&#8221;left&#8221; background_image_as_pattern=&#8221;without_pattern&#8221; anchor=&#8221;story&#8221; css=&#8221;.vc_custom_1524327592400{padding-top: 40px !important;padding-bottom: 40px !important;}&#8221; z_index=&#8221;&#8221;][vc_column][vc_column_text]<\/p>\n<h3 style=\"text-align: center;\">miniGolfer<\/h3>\n<p>[\/vc_column_text][vc_empty_space height=&#8221;11px&#8221;][vc_column_text]<\/p>\n<h5 style=\"text-align: center;\">T\u00e4nap\u00e4eval on minigolf \u00fcks soosituimaid kogu pere vabaaja veetmise v\u00f5imalusi. Meeleolukas ja l\u00f5bus ajaviide seltskondlikeks \u00fcritusteks.<br \/>\nMinigolfis on v\u00f5istluspinget, liikumist ja elamusi. Sportlik m\u00e4ng, mida saab harrastada nii vabas \u00f5hus kui ka siseruumides.<br \/>\nMinigolfi m\u00e4ngimisel on v\u00f5rdsed v\u00f5imalused nii lastel, t\u00e4iskasvanutel kui ka eakatel huvilistel.<br \/>\nLisaks saab ennast proovile panna ka see, kes ei ole kunagi golfikeppi k\u00e4es hoidnud.<br \/>\nMinigolfiv\u00e4ljakuid saab paigaldada koduaeda, turismitallu, kohvikusse v\u00f5i restorani suveaeda, spordiv\u00e4ljakule, parki ja randa.<br \/>\nPakume erineva suuruse ja soodsa hinnaklassiga minigolfiv\u00e4ljakuid nii m\u00fc\u00fcgiks kui ka rentimiseks. Samuti erinevaid tooteid lisavarustusena.<\/h5>\n<p>[\/vc_column_text][\/vc_column][\/vc_row][vc_row css_animation=&#8221;&#8221; row_type=&#8221;row&#8221; use_row_as_full_screen_section=&#8221;no&#8221; type=&#8221;grid&#8221; angled_section=&#8221;no&#8221; text_align=&#8221;left&#8221; background_image_as_pattern=&#8221;without_pattern&#8221; css=&#8221;.vc_custom_1524385229618{padding-top: 20px !important;background-color: #fafafa !important;}&#8221; z_index=&#8221;&#8221;][vc_column][vc_column_text]<\/p>\n<h3 style=\"text-align: center;\">Soositumad tooted<\/h3>\n<p>[\/vc_column_text][\/vc_column][\/vc_row][vc_row css_animation=&#8221;&#8221; row_type=&#8221;row&#8221; use_row_as_full_screen_section=&#8221;no&#8221; type=&#8221;grid&#8221; angled_section=&#8221;no&#8221; text_align=&#8221;left&#8221; background_image_as_pattern=&#8221;without_pattern&#8221; css=&#8221;.vc_custom_1741026641101{padding-top: 40px !important;padding-bottom: 20px !important;background-color: #fafafa !important;}&#8221; z_index=&#8221;&#8221;][vc_column width=&#8221;1\/2&#8243; offset=&#8221;vc_col-lg-3 vc_col-md-3&#8243;][vc_single_image image=&#8221;717&#8243; img_size=&#8221;600&#215;400&#8243; style=&#8221;vc_box_outline&#8221; onclick=&#8221;custom_link&#8221; qode_css_animation=&#8221;&#8221; link=&#8221;https:\/\/minigolfer.fi\/mini-wood\/&#8221;][vc_empty_space height=&#8221;36px&#8221;][vc_column_text]<\/p>\n<h6 style=\"text-align: left;\">MINI WOOD<\/h6>\n<p>[\/vc_column_text][vc_empty_space height=&#8221;18px&#8221;][vc_column_text][\/vc_column_text][vc_empty_space height=&#8221;40px&#8221;][\/vc_column][vc_column width=&#8221;1\/2&#8243; offset=&#8221;vc_col-lg-3 vc_col-md-3&#8243;][vc_single_image image=&#8221;2641&#8243; img_size=&#8221;600&#215;400&#8243; style=&#8221;vc_box_outline&#8221; onclick=&#8221;custom_link&#8221; css=&#8221;&#8221; qode_css_animation=&#8221;&#8221; link=&#8221;https:\/\/minigolfer.fi\/mini-city\/&#8221;][vc_empty_space height=&#8221;36px&#8221;][vc_column_text]<\/p>\n<h6 style=\"text-align: left;\">MINI CITY<\/h6>\n<p>[\/vc_column_text][vc_empty_space height=&#8221;18px&#8221;][vc_column_text][\/vc_column_text][vc_empty_space height=&#8221;40px&#8221;][\/vc_column][vc_column width=&#8221;1\/2&#8243; offset=&#8221;vc_col-lg-3 vc_col-md-3&#8243;][vc_single_image image=&#8221;2643&#8243; img_size=&#8221;600&#215;400&#8243; style=&#8221;vc_box_outline&#8221; onclick=&#8221;custom_link&#8221; css=&#8221;&#8221; qode_css_animation=&#8221;&#8221; link=&#8221;https:\/\/minigolfer.fi\/wood-park\/&#8221;][vc_empty_space height=&#8221;36px&#8221;][vc_column_text]<\/p>\n<h6 style=\"text-align: left;\">WOOD PARK<\/h6>\n<p>[\/vc_column_text][vc_empty_space height=&#8221;18px&#8221;][vc_column_text][\/vc_column_text][vc_empty_space height=&#8221;40px&#8221;][\/vc_column][vc_column width=&#8221;1\/2&#8243; offset=&#8221;vc_col-lg-3 vc_col-md-3&#8243;][vc_single_image image=&#8221;2086&#8243; img_size=&#8221;600&#215;400&#8243; style=&#8221;vc_box_outline&#8221; onclick=&#8221;custom_link&#8221; qode_css_animation=&#8221;&#8221; link=&#8221;https:\/\/minigolfer.fi\/standard\/&#8221;][vc_empty_space height=&#8221;36px&#8221;][vc_column_text]<\/p>\n<h6 style=\"text-align: left;\">STANDARD<\/h6>\n<p>[\/vc_column_text][vc_empty_space height=&#8221;18px&#8221;][vc_column_text][\/vc_column_text][vc_empty_space height=&#8221;40px&#8221;][\/vc_column][\/vc_row][vc_row css_animation=&#8221;&#8221; row_type=&#8221;row&#8221; use_row_as_full_screen_section=&#8221;no&#8221; type=&#8221;grid&#8221; angled_section=&#8221;no&#8221; text_align=&#8221;left&#8221; background_image_as_pattern=&#8221;without_pattern&#8221; css=&#8221;.vc_custom_1741026635580{padding-top: 20px !important;padding-bottom: 20px !important;background-color: #fafafa !important;}&#8221; z_index=&#8221;&#8221;][vc_column width=&#8221;1\/2&#8243; offset=&#8221;vc_col-lg-3 vc_col-md-3&#8243;][vc_single_image image=&#8221;2645&#8243; img_size=&#8221;600&#215;400&#8243; style=&#8221;vc_box_outline&#8221; onclick=&#8221;custom_link&#8221; css=&#8221;&#8221; qode_css_animation=&#8221;&#8221; link=&#8221;https:\/\/minigolfer.fi\/wood-park-special\/&#8221;][vc_empty_space height=&#8221;36px&#8221;][vc_column_text]<\/p>\n<h6 style=\"text-align: left;\">WOOD-PARK SPECIAL<\/h6>\n<p>[\/vc_column_text][vc_empty_space height=&#8221;18px&#8221;][vc_column_text][\/vc_column_text][vc_empty_space height=&#8221;40px&#8221;][\/vc_column][vc_column width=&#8221;1\/2&#8243; offset=&#8221;vc_col-lg-3 vc_col-md-3&#8243;][vc_single_image image=&#8221;1420&#8243; img_size=&#8221;600&#215;400&#8243; style=&#8221;vc_box_outline&#8221; onclick=&#8221;custom_link&#8221; qode_css_animation=&#8221;&#8221; link=&#8221;https:\/\/minigolfer.fi\/accessories-putters-balls\/&#8221;][vc_empty_space height=&#8221;36px&#8221;][vc_column_text]<\/p>\n<h6 style=\"text-align: left;\">ACCESSORIES, PUTTERS &amp; BALLS<\/h6>\n<p>[\/vc_column_text][vc_empty_space height=&#8221;18px&#8221;][vc_column_text][\/vc_column_text][vc_empty_space height=&#8221;40px&#8221;][\/vc_column][vc_column width=&#8221;1\/2&#8243; offset=&#8221;vc_col-lg-3 vc_col-md-3&#8243;][vc_single_image image=&#8221;2226&#8243; img_size=&#8221;600&#215;400&#8243; style=&#8221;vc_box_outline&#8221; onclick=&#8221;custom_link&#8221; qode_css_animation=&#8221;&#8221; link=&#8221;https:\/\/minigolfer.fi\/black-light-golf\/&#8221;][vc_empty_space height=&#8221;36px&#8221;][vc_column_text]<\/p>\n<h6 style=\"text-align: left;\">BLACK LIGHT GOLF<\/h6>\n<p>[\/vc_column_text][vc_empty_space height=&#8221;18px&#8221;][vc_column_text][\/vc_column_text][vc_empty_space height=&#8221;40px&#8221;][\/vc_column][vc_column width=&#8221;1\/2&#8243; offset=&#8221;vc_col-lg-3 vc_col-md-3&#8243;][vc_single_image image=&#8221;2085&#8243; img_size=&#8221;600&#215;400&#8243; style=&#8221;vc_box_outline&#8221; onclick=&#8221;custom_link&#8221; qode_css_animation=&#8221;&#8221; link=&#8221;https:\/\/minigolfer.fi\/compact-standard\/&#8221;][vc_empty_space height=&#8221;36px&#8221;][vc_column_text]<\/p>\n<h6 style=\"text-align: left;\">COMPACT STANDARD<\/h6>\n<p>[\/vc_column_text][vc_empty_space height=&#8221;18px&#8221;][vc_column_text][\/vc_column_text][vc_empty_space height=&#8221;40px&#8221;][\/vc_column][\/vc_row][vc_row css_animation=&#8221;&#8221; row_type=&#8221;row&#8221; use_row_as_full_screen_section=&#8221;no&#8221; type=&#8221;grid&#8221; angled_section=&#8221;no&#8221; text_align=&#8221;left&#8221; background_image_as_pattern=&#8221;without_pattern&#8221; css=&#8221;.vc_custom_1741026653020{padding-top: 20px !important;padding-bottom: 20px !important;background-color: #fafafa !important;}&#8221; z_index=&#8221;&#8221;][vc_column width=&#8221;1\/2&#8243; offset=&#8221;vc_col-lg-3 vc_col-md-3&#8243;][vc_single_image image=&#8221;2635&#8243; img_size=&#8221;600&#215;400&#8243; style=&#8221;vc_box_outline&#8221; onclick=&#8221;custom_link&#8221; css=&#8221;&#8221; qode_css_animation=&#8221;&#8221; link=&#8221;https:\/\/minigolfer.fi\/adventure-golf\/&#8221;][vc_empty_space height=&#8221;36px&#8221;][vc_column_text]<\/p>\n<h6 style=\"text-align: left;\">ADVENTURE GOLF<\/h6>\n<p>[\/vc_column_text][vc_empty_space height=&#8221;18px&#8221;][vc_column_text][\/vc_column_text][vc_empty_space height=&#8221;40px&#8221;][\/vc_column][vc_column width=&#8221;1\/2&#8243; offset=&#8221;vc_col-lg-3 vc_col-md-3&#8243;][vc_single_image image=&#8221;2637&#8243; img_size=&#8221;600&#215;400&#8243; style=&#8221;vc_box_outline&#8221; onclick=&#8221;custom_link&#8221; css=&#8221;&#8221; qode_css_animation=&#8221;&#8221; link=&#8221;https:\/\/minigolfer.fi\/mini-adventure-golf\/&#8221;][vc_empty_space height=&#8221;36px&#8221;][vc_column_text]<\/p>\n<h6 style=\"text-align: left;\">MINI ADVENTURE GOLF<\/h6>\n<p>[\/vc_column_text][vc_empty_space height=&#8221;18px&#8221;][vc_column_text][\/vc_column_text][vc_empty_space height=&#8221;40px&#8221;][\/vc_column][vc_column width=&#8221;1\/2&#8243; offset=&#8221;vc_col-lg-3 vc_col-md-3&#8243;][vc_single_image image=&#8221;2227&#8243; img_size=&#8221;600&#215;400&#8243; style=&#8221;vc_box_outline&#8221; onclick=&#8221;custom_link&#8221; qode_css_animation=&#8221;&#8221; link=&#8221;https:\/\/minigolfer.fi\/mini-adventure-golf-marine\/&#8221;][vc_empty_space height=&#8221;36px&#8221;][vc_column_text]<\/p>\n<h6 style=\"text-align: left;\">MINI ADVENTURE GOLF MARINE<\/h6>\n<p>[\/vc_column_text][vc_empty_space height=&#8221;18px&#8221;][vc_column_text][\/vc_column_text][vc_empty_space height=&#8221;40px&#8221;][\/vc_column][vc_column width=&#8221;1\/2&#8243; offset=&#8221;vc_col-lg-3 vc_col-md-3&#8243;][vc_single_image image=&#8221;2639&#8243; img_size=&#8221;600&#215;400&#8243; style=&#8221;vc_box_outline&#8221; onclick=&#8221;custom_link&#8221; css=&#8221;&#8221; qode_css_animation=&#8221;&#8221; link=&#8221;https:\/\/minigolfer.fi\/mini-adventure-golf-travel\/&#8221;][vc_empty_space height=&#8221;36px&#8221;][vc_column_text]<\/p>\n<h6 style=\"text-align: left;\">MINI ADVENTURE GOLF TRAVEL<\/h6>\n<p>[\/vc_column_text][vc_empty_space height=&#8221;18px&#8221;][vc_column_text][\/vc_column_text][vc_empty_space height=&#8221;40px&#8221;][\/vc_column][\/vc_row][vc_row css_animation=&#8221;&#8221; row_type=&#8221;row&#8221; use_row_as_full_screen_section=&#8221;no&#8221; type=&#8221;grid&#8221; angled_section=&#8221;no&#8221; text_align=&#8221;left&#8221; background_image_as_pattern=&#8221;without_pattern&#8221; anchor=&#8221;story&#8221; css=&#8221;.vc_custom_1524327447804{padding-top: 40px !important;padding-bottom: 40px !important;}&#8221; z_index=&#8221;&#8221;][vc_column][vc_column_text]<\/p>\n<h5 style=\"text-align: center;\">MINIGOLFiRADA on ettev\u00f5tjale hea investeering!<br \/>\nTasuvusaeg isegi \u00fche aastaga!<br \/>\nHotelli- ja puhkeaalade k\u00fclalistele, lastega peredele lemmik harrastussport.<br \/>\nSobib paigaldamiseks nii parki kui randa.<br \/>\nMiks mitte suvilasse v\u00f5i talu\u00f5ue &#8230;<\/h5>\n<p>[\/vc_column_text][\/vc_column][\/vc_row][vc_row css_animation=&#8221;&#8221; row_type=&#8221;row&#8221; use_row_as_full_screen_section=&#8221;no&#8221; type=&#8221;full_width&#8221; angled_section=&#8221;no&#8221; text_align=&#8221;left&#8221; background_image_as_pattern=&#8221;without_pattern&#8221;][vc_column]<div class=\"call_to_action normal\" style=\"background-color: #fafafa;padding-top: 69px;padding-bottom: 69px;\"><div class=\"container_inner\"><div class=\"two_columns_75_25 clearfix\"><div class=\"text_wrapper column1\"><div class=\"call_to_action_text  letter_spacing_inherit\" style=\"letter-spacing: 0px;\">\n<h5>V\u00f5ta meiega \u00fchendust &#8211; <a href=\"mailto:minigolferinfo@gmail.com\">minigolferinfo@gmail.com<\/a><\/h5>\n<\/div><\/div><div class=\"button_wrapper column2\"><a itemprop=\"url\" href=\"https:\/\/minigolfer.fi\/et\/yhteystiedot\/\" class=\"qbutton white \" target=\"\" style=\"color: #ffffff;border-color: #007f00;background-color:#007f00;\" data-hover-background-color=#222222 data-hover-border-color=#222222 data-hover-color=#ffffff>Kontakt<\/a><\/div><\/div><\/div><\/div>[\/vc_column][\/vc_row]<\/p>\n<\/div>","protected":false},"excerpt":{"rendered":"<p>[vc_row css_animation=&#8221;&#8221; row_type=&#8221;row&#8221; use_row_as_full_screen_section=&#8221;no&#8221; type=&#8221;full_width&#8221; angled_section=&#8221;no&#8221; text_align=&#8221;left&#8221; background_image_as_pattern=&#8221;without_pattern&#8221;][vc_column][vc_single_image image=&#8221;1796&#8243; img_size=&#8221;full&#8221; alignment=&#8221;center&#8221; qode_css_animation=&#8221;&#8221;][\/vc_column][\/vc_row][vc_row css_animation=&#8221;&#8221; row_type=&#8221;row&#8221; use_row_as_full_screen_section=&#8221;no&#8221; type=&#8221;grid&#8221; angled_section=&#8221;no&#8221; text_align=&#8221;left&#8221; background_image_as_pattern=&#8221;without_pattern&#8221; anchor=&#8221;story&#8221; css=&#8221;.vc_custom_1524327592400{padding-top: 40px !important;padding-bottom: 40px !important;}&#8221; z_index=&#8221;&#8221;][vc_column][vc_column_text] miniGolfer [\/vc_column_text][vc_empty_space height=&#8221;11px&#8221;][vc_column_text] T\u00e4nap\u00e4eval on minigolf \u00fcks soosituimaid kogu pere vabaaja veetmise v\u00f5imalusi. Meeleolukas ja l\u00f5bus ajaviide seltskondlikeks \u00fcritusteks&#8230;.<\/p>\n","protected":false},"author":1,"featured_media":0,"parent":0,"menu_order":0,"comment_status":"closed","ping_status":"closed","template":"full_width.php","meta":{"footnotes":""},"class_list":["post-7","page","type-page","status-publish","hentry"],"_links":{"self":[{"href":"https:\/\/minigolfer.fi\/et\/wp-json\/wp\/v2\/pages\/7","targetHints":{"allow":["GET"]}}],"collection":[{"href":"https:\/\/minigolfer.fi\/et\/wp-json\/wp\/v2\/pages"}],"about":[{"href":"https:\/\/minigolfer.fi\/et\/wp-json\/wp\/v2\/types\/page"}],"author":[{"embeddable":true,"href":"https:\/\/minigolfer.fi\/et\/wp-json\/wp\/v2\/users\/1"}],"replies":[{"embeddable":true,"href":"https:\/\/minigolfer.fi\/et\/wp-json\/wp\/v2\/comments?post=7"}],"version-history":[{"count":110,"href":"https:\/\/minigolfer.fi\/et\/wp-json\/wp\/v2\/pages\/7\/revisions"}],"predecessor-version":[{"id":2646,"href":"https:\/\/minigolfer.fi\/et\/wp-json\/wp\/v2\/pages\/7\/revisions\/2646"}],"wp:attachment":[{"href":"https:\/\/minigolfer.fi\/et\/wp-json\/wp\/v2\/media?parent=7"}],"curies":[{"name":"wp","href":"https:\/\/api.w.org\/{rel}","templated":true}]}}