{"id":339,"date":"2018-04-12T18:20:22","date_gmt":"2018-04-12T15:20:22","guid":{"rendered":"https:\/\/minigolfer.fi\/?page_id=339"},"modified":"2025-12-28T09:10:16","modified_gmt":"2025-12-28T07:10:16","slug":"yhteystiedot","status":"publish","type":"page","link":"https:\/\/minigolfer.fi\/et\/yhteystiedot\/","title":{"rendered":"Kontakt"},"content":{"rendered":"<div class=\"wpb-content-wrapper\"><p>[vc_row css_animation=&#8221;&#8221; row_type=&#8221;row&#8221; use_row_as_full_screen_section=&#8221;no&#8221; type=&#8221;grid&#8221; angled_section=&#8221;no&#8221; text_align=&#8221;left&#8221; background_image_as_pattern=&#8221;without_pattern&#8221; css=&#8221;.vc_custom_1524383253642{margin-top: 40px !important;margin-bottom: 40px !important;}&#8221; z_index=&#8221;&#8221;][vc_column width=&#8221;1\/2&#8243;][vc_column_text]Meie eesm\u00e4rgiks on pakkuda olemasolevatele ja uutele klientidele konkurentsiv\u00f5imelist,paindliku ja innovaatist teenust ettev\u00f5tetele ja eraisikutele,kes soovivad soetada minigolfi v\u00e4ljakuid ja lisavarustust.<br \/>\nMeie meeskond ja koost\u00f6\u00f6partnerid t\u00e4iustavad pidevalt oma teadmisi ja oskusi,et tagada kvaliteetne ja usaldusv\u00e4\u00e4rne teenus.<br \/>\nPeame oluliseks, et l\u00f5pptulemus toimiks, vastaks k\u00f5ikidele n\u00f5udmistele,rahuldaks m\u00f5lemaid osapooli ja mis suunab m\u00f5tlemist teie \u00e4ris siiani peidus oleva avastamiseks.<\/p>\n<p>Soovime Teile lennukaid ideid![\/vc_column_text][vc_empty_space][vc_column_text css=&#8221;&#8221;]<strong>TMI Minigolf Finland<\/strong><br \/>\nY-tunnus 3118942-4<br \/>\nPaavolankatu 18E-38,30420,Forssa,Suomi<br \/>\nPuh. 0403259673<br \/>\n+358403259673<br \/>\nE-mail: <a href=\"mailto:minigolferinfo@gmail.com\">minigolferinfo@gmail.com<\/a>[\/vc_column_text][vc_empty_space][vc_column_text]<a href=\"https:\/\/minigolfer.fi\/et\/\" target=\"_blank\" rel=\"noopener\">https:\/\/minigolfer.fi\/et\/<\/a><br \/>\n<a href=\"https:\/\/www.instagram.com\/minigolfersuomieesti\/\" target=\"_blank\" rel=\"noopener\">https:\/\/www.instagram.com\/minigolfersuomieesti\/<\/a><br \/>\n<a href=\"https:\/\/www.facebook.com\/MinigolferFINEST\/\" target=\"_blank\" rel=\"noopener\">https:\/\/www.facebook.com\/MinigolferFINEST\/<\/a>[\/vc_column_text][vc_empty_space][\/vc_column][vc_column width=&#8221;1\/2&#8243;][vc_single_image image=&#8221;2207&#8243; img_size=&#8221;full&#8221; style=&#8221;vc_box_shadow&#8221; onclick=&#8221;link_image&#8221; qode_css_animation=&#8221;&#8221;][vc_empty_space][vc_column_text]<\/p>\n<h3>KOOST\u00d6\u00d6PARTNERID<\/h3>\n<p>&nbsp;<\/p>\n<p><strong>ESTONIA<\/strong><br \/>\nGOLFING O\u00dc , Registrikood 16869042 Vati tn 10, Kesklinna linnaosa, 10112 Tallinn, Harju maakond<br \/>\nE-mail:minigolferinfo@gmail.com<br \/>\nTel.+37255590490<\/p>\n<p>&nbsp;<\/p>\n<p><strong>UKRAINA<\/strong><\/p>\n<p>\u041d\u0430\u0448\u0456 \u043a\u043e\u043d\u0442\u0430\u043a\u0442\u0438:<\/p>\n<p>\u0435-mail &#8211; minigolfer.ukraine@gmail.com<\/p>\n<p>\u0411\u0443\u0434\u044c \u043b\u0430\u0441\u043a\u0430, \u0437\u0432\u0435\u0440\u0442\u0430\u0439\u0442\u0435\u0441\u044f \u0434\u043e \u043d\u0430\u0441 +380636462300 &#8211; \u0415\u0434\u0443\u0430\u0440\u0434 \u0411\u0430\u043b\u0430\u0431\u0430\u043d[\/vc_column_text][\/vc_column][\/vc_row]<\/p>\n<\/div>","protected":false},"excerpt":{"rendered":"<p>[vc_row css_animation=&#8221;&#8221; row_type=&#8221;row&#8221; use_row_as_full_screen_section=&#8221;no&#8221; type=&#8221;grid&#8221; angled_section=&#8221;no&#8221; text_align=&#8221;left&#8221; background_image_as_pattern=&#8221;without_pattern&#8221; css=&#8221;.vc_custom_1524383253642{margin-top: 40px !important;margin-bottom: 40px !important;}&#8221; z_index=&#8221;&#8221;][vc_column width=&#8221;1\/2&#8243;][vc_column_text]Meie eesm\u00e4rgiks on pakkuda olemasolevatele ja uutele klientidele konkurentsiv\u00f5imelist,paindliku ja innovaatist teenust ettev\u00f5tetele ja eraisikutele,kes soovivad soetada minigolfi v\u00e4ljakuid ja lisavarustust. Meie meeskond ja koost\u00f6\u00f6partnerid t\u00e4iustavad pidevalt oma teadmisi ja oskusi,et&#8230;<\/p>\n","protected":false},"author":1,"featured_media":0,"parent":0,"menu_order":0,"comment_status":"closed","ping_status":"closed","template":"full_width.php","meta":{"footnotes":""},"class_list":["post-339","page","type-page","status-publish","hentry"],"_links":{"self":[{"href":"https:\/\/minigolfer.fi\/et\/wp-json\/wp\/v2\/pages\/339","targetHints":{"allow":["GET"]}}],"collection":[{"href":"https:\/\/minigolfer.fi\/et\/wp-json\/wp\/v2\/pages"}],"about":[{"href":"https:\/\/minigolfer.fi\/et\/wp-json\/wp\/v2\/types\/page"}],"author":[{"embeddable":true,"href":"https:\/\/minigolfer.fi\/et\/wp-json\/wp\/v2\/users\/1"}],"replies":[{"embeddable":true,"href":"https:\/\/minigolfer.fi\/et\/wp-json\/wp\/v2\/comments?post=339"}],"version-history":[{"count":33,"href":"https:\/\/minigolfer.fi\/et\/wp-json\/wp\/v2\/pages\/339\/revisions"}],"predecessor-version":[{"id":2654,"href":"https:\/\/minigolfer.fi\/et\/wp-json\/wp\/v2\/pages\/339\/revisions\/2654"}],"wp:attachment":[{"href":"https:\/\/minigolfer.fi\/et\/wp-json\/wp\/v2\/media?parent=339"}],"curies":[{"name":"wp","href":"https:\/\/api.w.org\/{rel}","templated":true}]}}