{"id":952,"date":"2019-02-22T16:37:28","date_gmt":"2019-02-22T14:37:28","guid":{"rendered":"https:\/\/minigolfer.fi\/?page_id=952"},"modified":"2021-12-08T11:50:41","modified_gmt":"2021-12-08T09:50:41","slug":"myydaan-kaytetty-minigolf","status":"publish","type":"page","link":"https:\/\/minigolfer.fi\/en\/myydaan-kaytetty-minigolf\/","title":{"rendered":"FOR SALE-DEMO MINIGOLF"},"content":{"rendered":"<div class=\"wpb-content-wrapper\"><p>[vc_row css_animation=&#8221;&#8221; row_type=&#8221;row&#8221; use_row_as_full_screen_section=&#8221;no&#8221; type=&#8221;grid&#8221; angled_section=&#8221;no&#8221; text_align=&#8221;left&#8221; background_image_as_pattern=&#8221;without_pattern&#8221; css=&#8221;.vc_custom_1524329357766{margin-top: 40px !important;margin-bottom: 40px !important;}&#8221; z_index=&#8221;&#8221;][vc_column width=&#8221;1\/2&#8243;][vc_column_text]MINI-WOOD 18<\/p>\n<p>Used in 3 months, instantly in stock, well kept and in good condition.<\/p>\n<p>The MINIGOLF demo course (18 pieces) are made of wood, then impregnated, covered with paint and artificial grass. Different obstacles and tracks are numbered.<\/p>\n<p>The dimensions of the tracks are: total length 3200 mm, width 600 mm and additional area 1200 \u00d7 1200 mm.<\/p>\n<p>The area required to install the kit is 150m2<\/p>\n<p>Delivery within Estonia is free of charge[\/vc_column_text][vc_empty_space][\/vc_column][vc_column width=&#8221;1\/2&#8243;][\/vc_column][\/vc_row][vc_row css_animation=&#8221;&#8221; row_type=&#8221;row&#8221; use_row_as_full_screen_section=&#8221;yes&#8221; type=&#8221;grid&#8221; angled_section=&#8221;no&#8221; text_align=&#8221;left&#8221; background_image_as_pattern=&#8221;without_pattern&#8221; css=&#8221;.vc_custom_1524330612898{padding-top: 60px !important;padding-bottom: 40px !important;background-color: #f2f2f2 !important;}&#8221; z_index=&#8221;&#8221;][vc_column]<div class=\"qode-advanced-image-gallery  qode-aig-masonry-type qode-small-space qode-has-shadow qode-image-behavior-lightbox \">\n\t<div class=\"qode-aig-inner qode-outer-space qode-aig-masonry qode-aig-four-columns\">\n\t\t<div class=\"qode-aig-grid-sizer\"><\/div>\n\t\t<div class=\"qode-aig-grid-gutter\"><\/div>\n\t\t\t\t\t\t\t\t<div class=\"qode-aig-image qode-item-space qode-aig-default-masonry-item\">\n\t\t\t\t<div class=\"qode-aig-image-inner\">\n\t\t\t\t\t\t\t\t\t\t\t<a itemprop=\"image\" class=\"qode-aig-lightbox\" href=\"https:\/\/minigolfer.fi\/wp-content\/uploads\/2019\/02\/korjattu-minigolf.jpg\" data-rel=\"prettyPhoto[image_gallery_pretty_photo-495]\" title=\"korjattu minigolf\">\n\t\t\t\t\t\t\t\t\t\t\t\t\t<img loading=\"lazy\" decoding=\"async\" width=\"2000\" height=\"1125\" src=\"https:\/\/minigolfer.fi\/wp-content\/uploads\/2019\/02\/korjattu-minigolf.jpg\" class=\"attachment-full size-full\" alt=\"\" srcset=\"https:\/\/minigolfer.fi\/wp-content\/uploads\/2019\/02\/korjattu-minigolf.jpg 2000w, https:\/\/minigolfer.fi\/wp-content\/uploads\/2019\/02\/korjattu-minigolf-300x169.jpg 300w, https:\/\/minigolfer.fi\/wp-content\/uploads\/2019\/02\/korjattu-minigolf-768x432.jpg 768w, https:\/\/minigolfer.fi\/wp-content\/uploads\/2019\/02\/korjattu-minigolf-1024x576.jpg 1024w, https:\/\/minigolfer.fi\/wp-content\/uploads\/2019\/02\/korjattu-minigolf-700x394.jpg 700w, https:\/\/minigolfer.fi\/wp-content\/uploads\/2019\/02\/korjattu-minigolf-539x303.jpg 539w\" sizes=\"auto, (max-width: 2000px) 100vw, 2000px\" \/>\t\t\t\t\t\t<span class=\"aig-gallery-hover\">\n\t\t\t\t\t\t\t\t\t\t\t\t\t\t\t<span class=\"icon-arrows-plus\"><\/span> \n\t\t\t\t\t\t\t\t\t\t\t\t\t<\/span>\n\t\t\t\t\t\t\t\t\t\t\t<\/a>\n\t\t\t\t\t\t\t\t\t<\/div>\n\t\t\t<\/div>\n\t\t\t\t\t\t\t\t\t\t\t<div class=\"qode-aig-image qode-item-space qode-aig-default-masonry-item\">\n\t\t\t\t<div class=\"qode-aig-image-inner\">\n\t\t\t\t\t\t\t\t\t\t\t<a itemprop=\"image\" class=\"qode-aig-lightbox\" href=\"https:\/\/minigolfer.fi\/wp-content\/uploads\/2019\/02\/k\u00e4ytetty-minigolfrata.jpg\" data-rel=\"prettyPhoto[image_gallery_pretty_photo-495]\" title=\"k\u00e4ytetty minigolfrata\">\n\t\t\t\t\t\t\t\t\t\t\t\t\t<img loading=\"lazy\" decoding=\"async\" width=\"2000\" height=\"1125\" src=\"https:\/\/minigolfer.fi\/wp-content\/uploads\/2019\/02\/k\u00e4ytetty-minigolfrata.jpg\" class=\"attachment-full size-full\" alt=\"\" srcset=\"https:\/\/minigolfer.fi\/wp-content\/uploads\/2019\/02\/k\u00e4ytetty-minigolfrata.jpg 2000w, https:\/\/minigolfer.fi\/wp-content\/uploads\/2019\/02\/k\u00e4ytetty-minigolfrata-300x169.jpg 300w, https:\/\/minigolfer.fi\/wp-content\/uploads\/2019\/02\/k\u00e4ytetty-minigolfrata-768x432.jpg 768w, https:\/\/minigolfer.fi\/wp-content\/uploads\/2019\/02\/k\u00e4ytetty-minigolfrata-1024x576.jpg 1024w, https:\/\/minigolfer.fi\/wp-content\/uploads\/2019\/02\/k\u00e4ytetty-minigolfrata-700x394.jpg 700w, https:\/\/minigolfer.fi\/wp-content\/uploads\/2019\/02\/k\u00e4ytetty-minigolfrata-539x303.jpg 539w\" sizes=\"auto, (max-width: 2000px) 100vw, 2000px\" \/>\t\t\t\t\t\t<span class=\"aig-gallery-hover\">\n\t\t\t\t\t\t\t\t\t\t\t\t\t\t\t<span class=\"icon-arrows-plus\"><\/span> \n\t\t\t\t\t\t\t\t\t\t\t\t\t<\/span>\n\t\t\t\t\t\t\t\t\t\t\t<\/a>\n\t\t\t\t\t\t\t\t\t<\/div>\n\t\t\t<\/div>\n\t\t\t\t\t\t\t\t\t\t\t<div class=\"qode-aig-image qode-item-space qode-aig-default-masonry-item\">\n\t\t\t\t<div class=\"qode-aig-image-inner\">\n\t\t\t\t\t\t\t\t\t\t\t<a itemprop=\"image\" class=\"qode-aig-lightbox\" href=\"https:\/\/minigolfer.fi\/wp-content\/uploads\/2019\/02\/MINI-WOOD.jpg\" data-rel=\"prettyPhoto[image_gallery_pretty_photo-495]\" title=\"MINI WOOD\">\n\t\t\t\t\t\t\t\t\t\t\t\t\t<img loading=\"lazy\" decoding=\"async\" width=\"650\" height=\"904\" src=\"https:\/\/minigolfer.fi\/wp-content\/uploads\/2019\/02\/MINI-WOOD.jpg\" class=\"attachment-full size-full\" alt=\"\" srcset=\"https:\/\/minigolfer.fi\/wp-content\/uploads\/2019\/02\/MINI-WOOD.jpg 650w, https:\/\/minigolfer.fi\/wp-content\/uploads\/2019\/02\/MINI-WOOD-216x300.jpg 216w\" sizes=\"auto, (max-width: 650px) 100vw, 650px\" \/>\t\t\t\t\t\t<span class=\"aig-gallery-hover\">\n\t\t\t\t\t\t\t\t\t\t\t\t\t\t\t<span class=\"icon-arrows-plus\"><\/span> \n\t\t\t\t\t\t\t\t\t\t\t\t\t<\/span>\n\t\t\t\t\t\t\t\t\t\t\t<\/a>\n\t\t\t\t\t\t\t\t\t<\/div>\n\t\t\t<\/div>\n\t\t\t\t\t\t\t\t\t\t\t<div class=\"qode-aig-image qode-item-space qode-aig-default-masonry-item\">\n\t\t\t\t<div class=\"qode-aig-image-inner\">\n\t\t\t\t\t\t\t\t\t\t\t<a itemprop=\"image\" class=\"qode-aig-lightbox\" href=\"https:\/\/minigolfer.fi\/wp-content\/uploads\/2019\/02\/minigolf-ratojen-myynti.jpg\" data-rel=\"prettyPhoto[image_gallery_pretty_photo-495]\" title=\"minigolf ratojen myynti\">\n\t\t\t\t\t\t\t\t\t\t\t\t\t<img loading=\"lazy\" decoding=\"async\" width=\"2000\" height=\"1125\" src=\"https:\/\/minigolfer.fi\/wp-content\/uploads\/2019\/02\/minigolf-ratojen-myynti.jpg\" class=\"attachment-full size-full\" alt=\"\" srcset=\"https:\/\/minigolfer.fi\/wp-content\/uploads\/2019\/02\/minigolf-ratojen-myynti.jpg 2000w, https:\/\/minigolfer.fi\/wp-content\/uploads\/2019\/02\/minigolf-ratojen-myynti-300x169.jpg 300w, https:\/\/minigolfer.fi\/wp-content\/uploads\/2019\/02\/minigolf-ratojen-myynti-768x432.jpg 768w, https:\/\/minigolfer.fi\/wp-content\/uploads\/2019\/02\/minigolf-ratojen-myynti-1024x576.jpg 1024w, https:\/\/minigolfer.fi\/wp-content\/uploads\/2019\/02\/minigolf-ratojen-myynti-700x394.jpg 700w, https:\/\/minigolfer.fi\/wp-content\/uploads\/2019\/02\/minigolf-ratojen-myynti-539x303.jpg 539w\" sizes=\"auto, (max-width: 2000px) 100vw, 2000px\" \/>\t\t\t\t\t\t<span class=\"aig-gallery-hover\">\n\t\t\t\t\t\t\t\t\t\t\t\t\t\t\t<span class=\"icon-arrows-plus\"><\/span> \n\t\t\t\t\t\t\t\t\t\t\t\t\t<\/span>\n\t\t\t\t\t\t\t\t\t\t\t<\/a>\n\t\t\t\t\t\t\t\t\t<\/div>\n\t\t\t<\/div>\n\t\t\t\t\t\t\t\t\t\t\t<div class=\"qode-aig-image qode-item-space qode-aig-default-masonry-item\">\n\t\t\t\t<div class=\"qode-aig-image-inner\">\n\t\t\t\t\t\t\t\t\t\t\t<a itemprop=\"image\" class=\"qode-aig-lightbox\" href=\"https:\/\/minigolfer.fi\/wp-content\/uploads\/2019\/02\/minigolf-tarvikeet.jpg\" data-rel=\"prettyPhoto[image_gallery_pretty_photo-495]\" title=\"minigolf tarvikeet\">\n\t\t\t\t\t\t\t\t\t\t\t\t\t<img loading=\"lazy\" decoding=\"async\" width=\"1881\" height=\"1059\" src=\"https:\/\/minigolfer.fi\/wp-content\/uploads\/2019\/02\/minigolf-tarvikeet.jpg\" class=\"attachment-full size-full\" alt=\"\" srcset=\"https:\/\/minigolfer.fi\/wp-content\/uploads\/2019\/02\/minigolf-tarvikeet.jpg 1881w, https:\/\/minigolfer.fi\/wp-content\/uploads\/2019\/02\/minigolf-tarvikeet-300x169.jpg 300w, https:\/\/minigolfer.fi\/wp-content\/uploads\/2019\/02\/minigolf-tarvikeet-768x432.jpg 768w, https:\/\/minigolfer.fi\/wp-content\/uploads\/2019\/02\/minigolf-tarvikeet-1024x577.jpg 1024w, https:\/\/minigolfer.fi\/wp-content\/uploads\/2019\/02\/minigolf-tarvikeet-700x394.jpg 700w, https:\/\/minigolfer.fi\/wp-content\/uploads\/2019\/02\/minigolf-tarvikeet-539x303.jpg 539w\" sizes=\"auto, (max-width: 1881px) 100vw, 1881px\" \/>\t\t\t\t\t\t<span class=\"aig-gallery-hover\">\n\t\t\t\t\t\t\t\t\t\t\t\t\t\t\t<span class=\"icon-arrows-plus\"><\/span> \n\t\t\t\t\t\t\t\t\t\t\t\t\t<\/span>\n\t\t\t\t\t\t\t\t\t\t\t<\/a>\n\t\t\t\t\t\t\t\t\t<\/div>\n\t\t\t<\/div>\n\t\t\t\t\t\t\t\t\t\t\t<div class=\"qode-aig-image qode-item-space qode-aig-default-masonry-item\">\n\t\t\t\t<div class=\"qode-aig-image-inner\">\n\t\t\t\t\t\t\t\t\t\t\t<a itemprop=\"image\" class=\"qode-aig-lightbox\" href=\"https:\/\/minigolfer.fi\/wp-content\/uploads\/2019\/02\/minigolfer.jpg\" data-rel=\"prettyPhoto[image_gallery_pretty_photo-495]\" title=\"minigolfer\">\n\t\t\t\t\t\t\t\t\t\t\t\t\t<img loading=\"lazy\" decoding=\"async\" width=\"2048\" height=\"1365\" src=\"https:\/\/minigolfer.fi\/wp-content\/uploads\/2019\/02\/minigolfer.jpg\" class=\"attachment-full size-full\" alt=\"\" srcset=\"https:\/\/minigolfer.fi\/wp-content\/uploads\/2019\/02\/minigolfer.jpg 2048w, https:\/\/minigolfer.fi\/wp-content\/uploads\/2019\/02\/minigolfer-300x200.jpg 300w, https:\/\/minigolfer.fi\/wp-content\/uploads\/2019\/02\/minigolfer-768x512.jpg 768w, https:\/\/minigolfer.fi\/wp-content\/uploads\/2019\/02\/minigolfer-1024x683.jpg 1024w, https:\/\/minigolfer.fi\/wp-content\/uploads\/2019\/02\/minigolfer-700x467.jpg 700w\" sizes=\"auto, (max-width: 2048px) 100vw, 2048px\" \/>\t\t\t\t\t\t<span class=\"aig-gallery-hover\">\n\t\t\t\t\t\t\t\t\t\t\t\t\t\t\t<span class=\"icon-arrows-plus\"><\/span> \n\t\t\t\t\t\t\t\t\t\t\t\t\t<\/span>\n\t\t\t\t\t\t\t\t\t\t\t<\/a>\n\t\t\t\t\t\t\t\t\t<\/div>\n\t\t\t<\/div>\n\t\t\t\t\t\t\t\t\t\t\t<div class=\"qode-aig-image qode-item-space qode-aig-default-masonry-item\">\n\t\t\t\t<div class=\"qode-aig-image-inner\">\n\t\t\t\t\t\t\t\t\t\t\t<a itemprop=\"image\" class=\"qode-aig-lightbox\" href=\"https:\/\/minigolfer.fi\/wp-content\/uploads\/2019\/02\/myynti-minigolf.jpg\" data-rel=\"prettyPhoto[image_gallery_pretty_photo-495]\" title=\"myynti minigolf\">\n\t\t\t\t\t\t\t\t\t\t\t\t\t<img loading=\"lazy\" decoding=\"async\" width=\"2048\" height=\"1365\" src=\"https:\/\/minigolfer.fi\/wp-content\/uploads\/2019\/02\/myynti-minigolf.jpg\" class=\"attachment-full size-full\" alt=\"\" srcset=\"https:\/\/minigolfer.fi\/wp-content\/uploads\/2019\/02\/myynti-minigolf.jpg 2048w, https:\/\/minigolfer.fi\/wp-content\/uploads\/2019\/02\/myynti-minigolf-300x200.jpg 300w, https:\/\/minigolfer.fi\/wp-content\/uploads\/2019\/02\/myynti-minigolf-768x512.jpg 768w, https:\/\/minigolfer.fi\/wp-content\/uploads\/2019\/02\/myynti-minigolf-1024x683.jpg 1024w, https:\/\/minigolfer.fi\/wp-content\/uploads\/2019\/02\/myynti-minigolf-700x467.jpg 700w\" sizes=\"auto, (max-width: 2048px) 100vw, 2048px\" \/>\t\t\t\t\t\t<span class=\"aig-gallery-hover\">\n\t\t\t\t\t\t\t\t\t\t\t\t\t\t\t<span class=\"icon-arrows-plus\"><\/span> \n\t\t\t\t\t\t\t\t\t\t\t\t\t<\/span>\n\t\t\t\t\t\t\t\t\t\t\t<\/a>\n\t\t\t\t\t\t\t\t\t<\/div>\n\t\t\t<\/div>\n\t\t\t\t\t\t<\/div>\n<\/div>[\/vc_column][\/vc_row][vc_row css_animation=&#8221;&#8221; row_type=&#8221;row&#8221; use_row_as_full_screen_section=&#8221;no&#8221; type=&#8221;grid&#8221; angled_section=&#8221;no&#8221; text_align=&#8221;left&#8221; background_image_as_pattern=&#8221;without_pattern&#8221; css=&#8221;.vc_custom_1524329357766{margin-top: 40px !important;margin-bottom: 40px !important;}&#8221; z_index=&#8221;&#8221;][vc_column width=&#8221;1\/2&#8243;][vc_column_text]Myyd\u00e4\u00e4n k\u00e4ytetty &#8211; Wood-Park Special12 rata,tuulimylly,majakka,kaivo,mailat,pallot+rahti.<br \/>\nAsennukseen tarvittava pinta-ala:12 v\u00e4yl\u00e4\u00e4 \u2013 min 600 m2<br \/>\nMinigolf-harrastusrata on valmistettu kyll\u00e4stetyst\u00e4, maalatusta puusta, ja p\u00e4\u00e4llystetty keinonurmella.<br \/>\nHelppo siirt\u00e4\u00e4 (paloista tehty).[\/vc_column_text][vc_empty_space][\/vc_column][vc_column width=&#8221;1\/2&#8243;][\/vc_column][\/vc_row][vc_row css_animation=&#8221;&#8221; row_type=&#8221;row&#8221; use_row_as_full_screen_section=&#8221;yes&#8221; type=&#8221;grid&#8221; angled_section=&#8221;no&#8221; text_align=&#8221;left&#8221; background_image_as_pattern=&#8221;without_pattern&#8221; css=&#8221;.vc_custom_1524330612898{padding-top: 60px !important;padding-bottom: 40px !important;background-color: #f2f2f2 !important;}&#8221; z_index=&#8221;&#8221;][vc_column]<div class=\"qode-advanced-image-gallery  qode-aig-masonry-type qode-small-space qode-has-shadow qode-image-behavior-lightbox \">\n\t<div class=\"qode-aig-inner qode-outer-space qode-aig-masonry qode-aig-four-columns\">\n\t\t<div class=\"qode-aig-grid-sizer\"><\/div>\n\t\t<div class=\"qode-aig-grid-gutter\"><\/div>\n\t\t\t\t\t\t\t\t<div class=\"qode-aig-image qode-item-space qode-aig-default-masonry-item\">\n\t\t\t\t<div class=\"qode-aig-image-inner\">\n\t\t\t\t\t\t\t\t\t\t\t<a itemprop=\"image\" class=\"qode-aig-lightbox\" href=\"https:\/\/minigolfer.fi\/wp-content\/uploads\/2021\/08\/3-t\u00f5lla.jpg\" data-rel=\"prettyPhoto[image_gallery_pretty_photo-202]\" title=\"3 t\u00f5lla\">\n\t\t\t\t\t\t\t\t\t\t\t\t\t<img loading=\"lazy\" decoding=\"async\" width=\"2000\" height=\"1125\" src=\"https:\/\/minigolfer.fi\/wp-content\/uploads\/2021\/08\/3-t\u00f5lla.jpg\" class=\"attachment-full size-full\" alt=\"\" srcset=\"https:\/\/minigolfer.fi\/wp-content\/uploads\/2021\/08\/3-t\u00f5lla.jpg 2000w, https:\/\/minigolfer.fi\/wp-content\/uploads\/2021\/08\/3-t\u00f5lla-300x169.jpg 300w, https:\/\/minigolfer.fi\/wp-content\/uploads\/2021\/08\/3-t\u00f5lla-768x432.jpg 768w, https:\/\/minigolfer.fi\/wp-content\/uploads\/2021\/08\/3-t\u00f5lla-1024x576.jpg 1024w, https:\/\/minigolfer.fi\/wp-content\/uploads\/2021\/08\/3-t\u00f5lla-700x394.jpg 700w, https:\/\/minigolfer.fi\/wp-content\/uploads\/2021\/08\/3-t\u00f5lla-539x303.jpg 539w\" sizes=\"auto, (max-width: 2000px) 100vw, 2000px\" \/>\t\t\t\t\t\t<span class=\"aig-gallery-hover\">\n\t\t\t\t\t\t\t\t\t\t\t\t\t\t\t<span class=\"icon-arrows-plus\"><\/span> \n\t\t\t\t\t\t\t\t\t\t\t\t\t<\/span>\n\t\t\t\t\t\t\t\t\t\t\t<\/a>\n\t\t\t\t\t\t\t\t\t<\/div>\n\t\t\t<\/div>\n\t\t\t\t\t\t\t\t\t\t\t<div class=\"qode-aig-image qode-item-space qode-aig-default-masonry-item\">\n\t\t\t\t<div class=\"qode-aig-image-inner\">\n\t\t\t\t\t\t\t\t\t\t\t<a itemprop=\"image\" class=\"qode-aig-lightbox\" href=\"https:\/\/minigolfer.fi\/wp-content\/uploads\/2021\/08\/k\u00e4yetty-minigolf-3.jpg\" data-rel=\"prettyPhoto[image_gallery_pretty_photo-202]\" title=\"k\u00e4yetty minigolf 3\">\n\t\t\t\t\t\t\t\t\t\t\t\t\t<img loading=\"lazy\" decoding=\"async\" width=\"720\" height=\"960\" src=\"https:\/\/minigolfer.fi\/wp-content\/uploads\/2021\/08\/k\u00e4yetty-minigolf-3.jpg\" class=\"attachment-full size-full\" alt=\"\" srcset=\"https:\/\/minigolfer.fi\/wp-content\/uploads\/2021\/08\/k\u00e4yetty-minigolf-3.jpg 720w, https:\/\/minigolfer.fi\/wp-content\/uploads\/2021\/08\/k\u00e4yetty-minigolf-3-225x300.jpg 225w, https:\/\/minigolfer.fi\/wp-content\/uploads\/2021\/08\/k\u00e4yetty-minigolf-3-600x800.jpg 600w, https:\/\/minigolfer.fi\/wp-content\/uploads\/2021\/08\/k\u00e4yetty-minigolf-3-700x933.jpg 700w\" sizes=\"auto, (max-width: 720px) 100vw, 720px\" \/>\t\t\t\t\t\t<span class=\"aig-gallery-hover\">\n\t\t\t\t\t\t\t\t\t\t\t\t\t\t\t<span class=\"icon-arrows-plus\"><\/span> \n\t\t\t\t\t\t\t\t\t\t\t\t\t<\/span>\n\t\t\t\t\t\t\t\t\t\t\t<\/a>\n\t\t\t\t\t\t\t\t\t<\/div>\n\t\t\t<\/div>\n\t\t\t\t\t\t\t\t\t\t\t<div class=\"qode-aig-image qode-item-space qode-aig-default-masonry-item\">\n\t\t\t\t<div class=\"qode-aig-image-inner\">\n\t\t\t\t\t\t\t\t\t\t\t<a itemprop=\"image\" class=\"qode-aig-lightbox\" href=\"https:\/\/minigolfer.fi\/wp-content\/uploads\/2021\/08\/k\u00e4yetty-minigolf-4.jpg\" data-rel=\"prettyPhoto[image_gallery_pretty_photo-202]\" title=\"k\u00e4yetty minigolf 4\">\n\t\t\t\t\t\t\t\t\t\t\t\t\t<img loading=\"lazy\" decoding=\"async\" width=\"720\" height=\"960\" src=\"https:\/\/minigolfer.fi\/wp-content\/uploads\/2021\/08\/k\u00e4yetty-minigolf-4.jpg\" class=\"attachment-full size-full\" alt=\"\" srcset=\"https:\/\/minigolfer.fi\/wp-content\/uploads\/2021\/08\/k\u00e4yetty-minigolf-4.jpg 720w, https:\/\/minigolfer.fi\/wp-content\/uploads\/2021\/08\/k\u00e4yetty-minigolf-4-225x300.jpg 225w, https:\/\/minigolfer.fi\/wp-content\/uploads\/2021\/08\/k\u00e4yetty-minigolf-4-600x800.jpg 600w, https:\/\/minigolfer.fi\/wp-content\/uploads\/2021\/08\/k\u00e4yetty-minigolf-4-700x933.jpg 700w\" sizes=\"auto, (max-width: 720px) 100vw, 720px\" \/>\t\t\t\t\t\t<span class=\"aig-gallery-hover\">\n\t\t\t\t\t\t\t\t\t\t\t\t\t\t\t<span class=\"icon-arrows-plus\"><\/span> \n\t\t\t\t\t\t\t\t\t\t\t\t\t<\/span>\n\t\t\t\t\t\t\t\t\t\t\t<\/a>\n\t\t\t\t\t\t\t\t\t<\/div>\n\t\t\t<\/div>\n\t\t\t\t\t\t\t\t\t\t\t<div class=\"qode-aig-image qode-item-space qode-aig-default-masonry-item\">\n\t\t\t\t<div class=\"qode-aig-image-inner\">\n\t\t\t\t\t\t\t\t\t\t\t<a itemprop=\"image\" class=\"qode-aig-lightbox\" href=\"https:\/\/minigolfer.fi\/wp-content\/uploads\/2021\/08\/k\u00e4ytetty-minigolf-1.jpg\" data-rel=\"prettyPhoto[image_gallery_pretty_photo-202]\" title=\"k\u00e4ytetty minigolf 1\">\n\t\t\t\t\t\t\t\t\t\t\t\t\t<img loading=\"lazy\" decoding=\"async\" width=\"720\" height=\"960\" src=\"https:\/\/minigolfer.fi\/wp-content\/uploads\/2021\/08\/k\u00e4ytetty-minigolf-1.jpg\" class=\"attachment-full size-full\" alt=\"\" srcset=\"https:\/\/minigolfer.fi\/wp-content\/uploads\/2021\/08\/k\u00e4ytetty-minigolf-1.jpg 720w, https:\/\/minigolfer.fi\/wp-content\/uploads\/2021\/08\/k\u00e4ytetty-minigolf-1-225x300.jpg 225w, https:\/\/minigolfer.fi\/wp-content\/uploads\/2021\/08\/k\u00e4ytetty-minigolf-1-600x800.jpg 600w, https:\/\/minigolfer.fi\/wp-content\/uploads\/2021\/08\/k\u00e4ytetty-minigolf-1-700x933.jpg 700w\" sizes=\"auto, (max-width: 720px) 100vw, 720px\" \/>\t\t\t\t\t\t<span class=\"aig-gallery-hover\">\n\t\t\t\t\t\t\t\t\t\t\t\t\t\t\t<span class=\"icon-arrows-plus\"><\/span> \n\t\t\t\t\t\t\t\t\t\t\t\t\t<\/span>\n\t\t\t\t\t\t\t\t\t\t\t<\/a>\n\t\t\t\t\t\t\t\t\t<\/div>\n\t\t\t<\/div>\n\t\t\t\t\t\t\t\t\t\t\t<div class=\"qode-aig-image qode-item-space qode-aig-default-masonry-item\">\n\t\t\t\t<div class=\"qode-aig-image-inner\">\n\t\t\t\t\t\t\t\t\t\t\t<a itemprop=\"image\" class=\"qode-aig-lightbox\" href=\"https:\/\/minigolfer.fi\/wp-content\/uploads\/2021\/08\/k\u00e4ytetty-minigolf-2.jpg\" data-rel=\"prettyPhoto[image_gallery_pretty_photo-202]\" title=\"k\u00e4ytetty minigolf 2\">\n\t\t\t\t\t\t\t\t\t\t\t\t\t<img loading=\"lazy\" decoding=\"async\" width=\"960\" height=\"540\" src=\"https:\/\/minigolfer.fi\/wp-content\/uploads\/2021\/08\/k\u00e4ytetty-minigolf-2.jpg\" class=\"attachment-full size-full\" alt=\"\" srcset=\"https:\/\/minigolfer.fi\/wp-content\/uploads\/2021\/08\/k\u00e4ytetty-minigolf-2.jpg 960w, https:\/\/minigolfer.fi\/wp-content\/uploads\/2021\/08\/k\u00e4ytetty-minigolf-2-300x169.jpg 300w, https:\/\/minigolfer.fi\/wp-content\/uploads\/2021\/08\/k\u00e4ytetty-minigolf-2-768x432.jpg 768w, https:\/\/minigolfer.fi\/wp-content\/uploads\/2021\/08\/k\u00e4ytetty-minigolf-2-700x394.jpg 700w, https:\/\/minigolfer.fi\/wp-content\/uploads\/2021\/08\/k\u00e4ytetty-minigolf-2-539x303.jpg 539w\" sizes=\"auto, (max-width: 960px) 100vw, 960px\" \/>\t\t\t\t\t\t<span class=\"aig-gallery-hover\">\n\t\t\t\t\t\t\t\t\t\t\t\t\t\t\t<span class=\"icon-arrows-plus\"><\/span> \n\t\t\t\t\t\t\t\t\t\t\t\t\t<\/span>\n\t\t\t\t\t\t\t\t\t\t\t<\/a>\n\t\t\t\t\t\t\t\t\t<\/div>\n\t\t\t<\/div>\n\t\t\t\t\t\t\t\t\t\t\t<div class=\"qode-aig-image qode-item-space qode-aig-default-masonry-item\">\n\t\t\t\t<div class=\"qode-aig-image-inner\">\n\t\t\t\t\t\t\t\t\t\t\t<a itemprop=\"image\" class=\"qode-aig-lightbox\" href=\"https:\/\/minigolfer.fi\/wp-content\/uploads\/2021\/08\/k\u00e4ytetty-minigolf-5.jpg\" data-rel=\"prettyPhoto[image_gallery_pretty_photo-202]\" title=\"k\u00e4ytetty minigolf 5\">\n\t\t\t\t\t\t\t\t\t\t\t\t\t<img loading=\"lazy\" decoding=\"async\" width=\"1536\" height=\"2048\" src=\"https:\/\/minigolfer.fi\/wp-content\/uploads\/2021\/08\/k\u00e4ytetty-minigolf-5.jpg\" class=\"attachment-full size-full\" alt=\"\" srcset=\"https:\/\/minigolfer.fi\/wp-content\/uploads\/2021\/08\/k\u00e4ytetty-minigolf-5.jpg 1536w, https:\/\/minigolfer.fi\/wp-content\/uploads\/2021\/08\/k\u00e4ytetty-minigolf-5-225x300.jpg 225w, https:\/\/minigolfer.fi\/wp-content\/uploads\/2021\/08\/k\u00e4ytetty-minigolf-5-768x1024.jpg 768w, https:\/\/minigolfer.fi\/wp-content\/uploads\/2021\/08\/k\u00e4ytetty-minigolf-5-600x800.jpg 600w, https:\/\/minigolfer.fi\/wp-content\/uploads\/2021\/08\/k\u00e4ytetty-minigolf-5-700x933.jpg 700w\" sizes=\"auto, (max-width: 1536px) 100vw, 1536px\" \/>\t\t\t\t\t\t<span class=\"aig-gallery-hover\">\n\t\t\t\t\t\t\t\t\t\t\t\t\t\t\t<span class=\"icon-arrows-plus\"><\/span> \n\t\t\t\t\t\t\t\t\t\t\t\t\t<\/span>\n\t\t\t\t\t\t\t\t\t\t\t<\/a>\n\t\t\t\t\t\t\t\t\t<\/div>\n\t\t\t<\/div>\n\t\t\t\t\t\t\t\t\t\t\t<div class=\"qode-aig-image qode-item-space qode-aig-default-masonry-item\">\n\t\t\t\t<div class=\"qode-aig-image-inner\">\n\t\t\t\t\t\t\t\t\t\t\t<a itemprop=\"image\" class=\"qode-aig-lightbox\" href=\"https:\/\/minigolfer.fi\/wp-content\/uploads\/2021\/08\/k\u00e4ytetty-minigolf-6.jpg\" data-rel=\"prettyPhoto[image_gallery_pretty_photo-202]\" title=\"k\u00e4ytetty minigolf 6\">\n\t\t\t\t\t\t\t\t\t\t\t\t\t<img loading=\"lazy\" decoding=\"async\" width=\"1536\" height=\"2048\" src=\"https:\/\/minigolfer.fi\/wp-content\/uploads\/2021\/08\/k\u00e4ytetty-minigolf-6.jpg\" class=\"attachment-full size-full\" alt=\"\" srcset=\"https:\/\/minigolfer.fi\/wp-content\/uploads\/2021\/08\/k\u00e4ytetty-minigolf-6.jpg 1536w, https:\/\/minigolfer.fi\/wp-content\/uploads\/2021\/08\/k\u00e4ytetty-minigolf-6-225x300.jpg 225w, https:\/\/minigolfer.fi\/wp-content\/uploads\/2021\/08\/k\u00e4ytetty-minigolf-6-768x1024.jpg 768w, https:\/\/minigolfer.fi\/wp-content\/uploads\/2021\/08\/k\u00e4ytetty-minigolf-6-600x800.jpg 600w, https:\/\/minigolfer.fi\/wp-content\/uploads\/2021\/08\/k\u00e4ytetty-minigolf-6-700x933.jpg 700w\" sizes=\"auto, (max-width: 1536px) 100vw, 1536px\" \/>\t\t\t\t\t\t<span class=\"aig-gallery-hover\">\n\t\t\t\t\t\t\t\t\t\t\t\t\t\t\t<span class=\"icon-arrows-plus\"><\/span> \n\t\t\t\t\t\t\t\t\t\t\t\t\t<\/span>\n\t\t\t\t\t\t\t\t\t\t\t<\/a>\n\t\t\t\t\t\t\t\t\t<\/div>\n\t\t\t<\/div>\n\t\t\t\t\t\t\t\t\t\t\t<div class=\"qode-aig-image qode-item-space qode-aig-default-masonry-item\">\n\t\t\t\t<div class=\"qode-aig-image-inner\">\n\t\t\t\t\t\t\t\t\t\t\t<a itemprop=\"image\" class=\"qode-aig-lightbox\" href=\"https:\/\/minigolfer.fi\/wp-content\/uploads\/2021\/08\/k\u00e4ytetty-mini-golf.jpg\" data-rel=\"prettyPhoto[image_gallery_pretty_photo-202]\" title=\"k\u00e4ytetty mini golf\">\n\t\t\t\t\t\t\t\t\t\t\t\t\t<img loading=\"lazy\" decoding=\"async\" width=\"1536\" height=\"2048\" src=\"https:\/\/minigolfer.fi\/wp-content\/uploads\/2021\/08\/k\u00e4ytetty-mini-golf.jpg\" class=\"attachment-full size-full\" alt=\"\" srcset=\"https:\/\/minigolfer.fi\/wp-content\/uploads\/2021\/08\/k\u00e4ytetty-mini-golf.jpg 1536w, https:\/\/minigolfer.fi\/wp-content\/uploads\/2021\/08\/k\u00e4ytetty-mini-golf-225x300.jpg 225w, https:\/\/minigolfer.fi\/wp-content\/uploads\/2021\/08\/k\u00e4ytetty-mini-golf-768x1024.jpg 768w, https:\/\/minigolfer.fi\/wp-content\/uploads\/2021\/08\/k\u00e4ytetty-mini-golf-600x800.jpg 600w, https:\/\/minigolfer.fi\/wp-content\/uploads\/2021\/08\/k\u00e4ytetty-mini-golf-700x933.jpg 700w\" sizes=\"auto, (max-width: 1536px) 100vw, 1536px\" \/>\t\t\t\t\t\t<span class=\"aig-gallery-hover\">\n\t\t\t\t\t\t\t\t\t\t\t\t\t\t\t<span class=\"icon-arrows-plus\"><\/span> \n\t\t\t\t\t\t\t\t\t\t\t\t\t<\/span>\n\t\t\t\t\t\t\t\t\t\t\t<\/a>\n\t\t\t\t\t\t\t\t\t<\/div>\n\t\t\t<\/div>\n\t\t\t\t\t\t\t\t\t\t\t<div class=\"qode-aig-image qode-item-space qode-aig-default-masonry-item\">\n\t\t\t\t<div class=\"qode-aig-image-inner\">\n\t\t\t\t\t\t\t\t\t\t\t<a itemprop=\"image\" class=\"qode-aig-lightbox\" href=\"https:\/\/minigolfer.fi\/wp-content\/uploads\/2021\/08\/k\u00e4ytetty-ratagolf.jpg\" data-rel=\"prettyPhoto[image_gallery_pretty_photo-202]\" title=\"k\u00e4ytetty ratagolf\">\n\t\t\t\t\t\t\t\t\t\t\t\t\t<img loading=\"lazy\" decoding=\"async\" width=\"1536\" height=\"2048\" src=\"https:\/\/minigolfer.fi\/wp-content\/uploads\/2021\/08\/k\u00e4ytetty-ratagolf.jpg\" class=\"attachment-full size-full\" alt=\"\" srcset=\"https:\/\/minigolfer.fi\/wp-content\/uploads\/2021\/08\/k\u00e4ytetty-ratagolf.jpg 1536w, https:\/\/minigolfer.fi\/wp-content\/uploads\/2021\/08\/k\u00e4ytetty-ratagolf-225x300.jpg 225w, https:\/\/minigolfer.fi\/wp-content\/uploads\/2021\/08\/k\u00e4ytetty-ratagolf-768x1024.jpg 768w, https:\/\/minigolfer.fi\/wp-content\/uploads\/2021\/08\/k\u00e4ytetty-ratagolf-600x800.jpg 600w, https:\/\/minigolfer.fi\/wp-content\/uploads\/2021\/08\/k\u00e4ytetty-ratagolf-700x933.jpg 700w\" sizes=\"auto, (max-width: 1536px) 100vw, 1536px\" \/>\t\t\t\t\t\t<span class=\"aig-gallery-hover\">\n\t\t\t\t\t\t\t\t\t\t\t\t\t\t\t<span class=\"icon-arrows-plus\"><\/span> \n\t\t\t\t\t\t\t\t\t\t\t\t\t<\/span>\n\t\t\t\t\t\t\t\t\t\t\t<\/a>\n\t\t\t\t\t\t\t\t\t<\/div>\n\t\t\t<\/div>\n\t\t\t\t\t\t<\/div>\n<\/div>[\/vc_column][\/vc_row]<\/p>\n<\/div>","protected":false},"excerpt":{"rendered":"<p>[vc_row css_animation=&#8221;&#8221; row_type=&#8221;row&#8221; use_row_as_full_screen_section=&#8221;no&#8221; type=&#8221;grid&#8221; angled_section=&#8221;no&#8221; text_align=&#8221;left&#8221; background_image_as_pattern=&#8221;without_pattern&#8221; css=&#8221;.vc_custom_1524329357766{margin-top: 40px !important;margin-bottom: 40px !important;}&#8221; z_index=&#8221;&#8221;][vc_column width=&#8221;1\/2&#8243;][vc_column_text]MINI-WOOD 18 Used in 3 months, instantly in stock, well kept and in good condition. The MINIGOLF demo course (18 pieces) are made of wood, then impregnated, covered with paint and&#8230;<\/p>\n","protected":false},"author":1,"featured_media":0,"parent":0,"menu_order":0,"comment_status":"closed","ping_status":"closed","template":"full_width.php","meta":{"footnotes":""},"class_list":["post-952","page","type-page","status-publish","hentry"],"_links":{"self":[{"href":"https:\/\/minigolfer.fi\/en\/wp-json\/wp\/v2\/pages\/952","targetHints":{"allow":["GET"]}}],"collection":[{"href":"https:\/\/minigolfer.fi\/en\/wp-json\/wp\/v2\/pages"}],"about":[{"href":"https:\/\/minigolfer.fi\/en\/wp-json\/wp\/v2\/types\/page"}],"author":[{"embeddable":true,"href":"https:\/\/minigolfer.fi\/en\/wp-json\/wp\/v2\/users\/1"}],"replies":[{"embeddable":true,"href":"https:\/\/minigolfer.fi\/en\/wp-json\/wp\/v2\/comments?post=952"}],"version-history":[{"count":7,"href":"https:\/\/minigolfer.fi\/en\/wp-json\/wp\/v2\/pages\/952\/revisions"}],"predecessor-version":[{"id":1716,"href":"https:\/\/minigolfer.fi\/en\/wp-json\/wp\/v2\/pages\/952\/revisions\/1716"}],"wp:attachment":[{"href":"https:\/\/minigolfer.fi\/en\/wp-json\/wp\/v2\/media?parent=952"}],"curies":[{"name":"wp","href":"https:\/\/api.w.org\/{rel}","templated":true}]}}